{"id":7838,"date":"2021-02-11T18:08:21","date_gmt":"2021-02-11T17:08:21","guid":{"rendered":"https:\/\/www.newhopeandlight.com\/?page_id=7838"},"modified":"2021-03-04T21:40:07","modified_gmt":"2021-03-04T20:40:07","slug":"protection-des-donnees","status":"publish","type":"page","link":"https:\/\/www.newhopeandlight.com\/fr\/protection-des-donnees\/","title":{"rendered":"Protection des donn\u00e9es"},"content":{"rendered":"<h2>Informations G\u00e9n\u00e9rales<\/h2>\n<p>Il vous est possible d\u2019utiliser notre site internet sans renseigner vos donn\u00e9es personnelles. Dans le cadre de l\u2019utilisation des services particuliers de notre site Web, une r\u00e9glementation s\u2019en d\u00e9gage, telle expliqu\u00e9e dans ce qui suit. Vos donn\u00e9es personnelles (par exemple nom, adresse, e-mail, num\u00e9ro de t\u00e9l\u00e9phone et autres) ne sont trait\u00e9es par nous que conform\u00e9ment \u00e0 la r\u00e9glementation en vigueur en Allemagne sur la protection des donn\u00e9es. Les donn\u00e9es sont consid\u00e9r\u00e9es comme personnelles si elles peuvent \u00eatre attribu\u00e9es clairement et sans ambigu\u00eft\u00e9 \u00e0 une personne physique sp\u00e9cifique. Vous pouvez trouver la base juridique de la protection des donn\u00e9es dans la loi f\u00e9d\u00e9rale sur la protection des donn\u00e9es (BDSG) et la loi sur les t\u00e9l\u00e9s m\u00e9dia (TMG). Les r\u00e9glementations d\u00e9taill\u00e9es dans ce qui suit servent \u00e0 vous informer sur le type, la port\u00e9e et le but de la collecte, l&rsquo;utilisation et le traitement des donn\u00e9es personnelles par New Hope et Light e.V.<\/p>\n<p>Nous tenons \u00e0 souligner que la transmission de donn\u00e9es sur Internet pr\u00e9sente des failles de s\u00e9curit\u00e9. Ainsi, la protection contre l&rsquo;acc\u00e8s par des tiers sans aucune lacune n&rsquo;est pas possible.<\/p>\n<p>Pour toutes questions concernant vos donn\u00e9es, veuillez nous contacter via l\u2019adresse info@newhopeandlight.com.<\/p>\n<h2><a href=\"https:\/\/www.newhopeandlight.com\/kontakt\/newsletter\/\">Annonces:<\/a><\/h2>\n<p>Si vous souhaitez recevoir les annonces propos\u00e9es sur notre site, envoyez-nous un e-mail ou utilisez le formulaire de contact. Nous utilisons ces donn\u00e9es uniquement et exclusivement pour l&rsquo;envoi des informations et offres demand\u00e9es.<\/p>\n<p>Vous pouvez \u00e0 tout moment r\u00e9voquer votre consentement au stockage des donn\u00e9es, de l&rsquo;adresse e-mail et \u00e0 leur utilisation pour l&rsquo;envoi de la newsletter en nous envoyant un e-mail \u00e0 cet effet.<\/p>\n<h2><a href=\"https:\/\/www.newhopeandlight.com\/kontakt\/\">Options de contact<\/a><\/h2>\n<p>Sur notre site Internet, nous vous offrons la possibilit\u00e9 de nous contacter par e-mail et \/ ou via un formulaire de contact. Dans ce cas, les informations fournies par l&rsquo;utilisateur sont stock\u00e9es dans le but de traiter son message. Les informations ne sont pas transmises \u00e0 des tiers. De plus, les donn\u00e9es collect\u00e9es de cette mani\u00e8re ne peuvent pas \u00eatre collect\u00e9es par d&rsquo;autres composants de notre site Web.<\/p>\n<h2><a href=\"https:\/\/www.newhopeandlight.com\/kontakt\/\"><strong>Collecte, utilisation et transmission de donn\u00e9es pour le traitement des contrats d&rsquo;achat et l&rsquo;utilisation<\/strong> <\/a><\/h2>\n<p>Nous collectons des donn\u00e9es personnelles si vous nous les communiquez dans le cadre de votre commande. Tous les champs \u00e0 remplir sont obligatoires pour le traitement du contrat, car vous ne pouvez pas finaliser votre commande sans que vous fournissiez ces informations. Les donn\u00e9es collect\u00e9es sont \u00e9videntes \u00e0 partir des formulaires de saisie respectifs. Nous utilisons les donn\u00e9es fournies par vous conform\u00e9ment \u00e0 l&rsquo;art. 6 par. 1 cl. 1 lit b du R\u00e8glement G\u00e9n\u00e9ral sur la Protection des Donn\u00e9es (RGPD) pour le traitement des contrats et l&rsquo;exp\u00e9dition des marchandises command\u00e9es via la soci\u00e9t\u00e9 mandat\u00e9e \u00e0 la livraison. Apr\u00e8s le traitement complet du contrat, y compris la facturation des arri\u00e9r\u00e9s, vos donn\u00e9es sont restreintes pour un traitement ult\u00e9rieur. Apr\u00e8s l&rsquo;expiration des p\u00e9riodes de stockage obligatoires en vertu du droit fiscal et du droit commercial, les donn\u00e9es sont supprim\u00e9es, sauf si vous avez explicitement consenti \u00e0 la poursuite de l&rsquo;utilisation de vos donn\u00e9es ou si nous nous r\u00e9servons le droit d&rsquo;utiliser les donn\u00e9es au-del\u00e0 de cela, \u00e0 condition que cette utilisation soit l\u00e9galement autoris\u00e9 et que nous vous en informons dans cette d\u00e9claration.<\/p>\n<h2><a href=\"https:\/\/www.newhopeandlight.com\/kontakt\/\">Journal de navigation<\/a><\/h2>\n<p>L&rsquo;h\u00e9bergeur de ce site Web collecte et stocke automatiquement des informations dans des fichiers journaux de serveur qui sont transmis par le navigateur. Ceux-ci sont:<\/p>\n<ul>\n<li>Type et version du navigateur<\/li>\n<li>Syst\u00e8me d&rsquo;exploitation utilis\u00e9<\/li>\n<li>URL de r\u00e9f\u00e9rence<\/li>\n<li>L\u2019adresse IP du routeur connect\u00e9 \u00e0 votre ordinateur<\/li>\n<li>La date et l\u2019heure \u00e0 laquelle vous vous connectez<\/li>\n<li>Le nombre de t\u00e9l\u00e9chargements de nos donn\u00e9es<\/li>\n<\/ul>\n<p>Ces donn\u00e9es de journal de navigation ne peuvent pas \u00eatre attribu\u00e9es \u00e0 des personnes physiques sp\u00e9cifiques. Ces donn\u00e9es ne sont pas fusionn\u00e9es avec d&rsquo;autres sources de donn\u00e9es. Nous nous r\u00e9servons le droit de r\u00e9viser ult\u00e9rieurement ces donn\u00e9es, si des informations pr\u00e9cises indiquant une utilisation ill\u00e9gale, venaient \u00e0 notre connaissance.<\/p>\n<h2>Donn\u00e9es personnelles que nous collectons et pourquoi nous les collectons<\/h2>\n<h3>Commentaires<\/h3>\n<p>Lorsque les visiteurs \u00e9crivent des commentaires sur notre site Web, nous collectons les donn\u00e9es affich\u00e9es dans le formulaire de contact, ainsi que l&rsquo;adresse IP du visiteur et la cha\u00eene user-agent (qui sert \u00e0 identifier le navigateur) afin de prendre en charge la d\u00e9tection du spam.<\/p>\n<p>Votre adresse e-mail peut \u00eatre utilis\u00e9e pour cr\u00e9er une cha\u00eene anonyme de caract\u00e8res (\u00e9galement appel\u00e9e hachage), qui est ensuite transf\u00e9r\u00e9e au service Gravatar afin de v\u00e9rifier si vous utilisez ce service. Vous pouvez trouver la d\u00e9claration de protection des donn\u00e9es du service Gravatar sur https:\/\/automattic.com\/privacy\/. Une fois votre commentaire publi\u00e9, votre photo de profil sera visible publiquement chaque fois que votre commentaire sera affich\u00e9.<\/p>\n<h3>Media<\/h3>\n<p>Si vous \u00eates un utilisateur enregistr\u00e9 et que vous t\u00e9l\u00e9chargez des photos sur ce site Web, vous devez \u00e9viter de t\u00e9l\u00e9charger des photos avec une position GPS EXIF. Les visiteurs de ce site Web peuvent t\u00e9l\u00e9charger des photos stock\u00e9es sur ce site Web et extraire leurs informations de localisation.<\/p>\n<h3>Cookies<\/h3>\n<p>Lorsque vous \u00e9crivez un commentaire sur notre site Web, une demande de consentement \u00e0 stocker votre nom, votre adresse e-mail et votre site Web dans des cookies vous est propos\u00e9. Il s&rsquo;agit d&rsquo;une fonctionnalit\u00e9 pratique qui vous \u00e9vite de saisir \u00e0 nouveau toutes ces donn\u00e9es lorsque vous \u00e9crivez un autre commentaire. Ces cookies sont conserv\u00e9s pendant un an.<\/p>\n<p>Si vous avez un compte et que vous vous connectez \u00e0 notre site Web, nous installerons un cookie temporaire pour d\u00e9terminer si votre navigateur accepte les cookies. Ce cookie ne contient aucune information personnelle et est supprim\u00e9 lorsque vous fermez votre navigateur.<\/p>\n<p>Lorsque vous vous connectez, nous installons des cookies pour stocker vos informations de connexion et vos options d&rsquo;affichage. Les cookies de connexion expirent apr\u00e8s deux jours et les cookies d&rsquo;option d&rsquo;affichage expirent apr\u00e8s un an. Si vous s\u00e9lectionnez \u00ab Rester connect\u00e9 \u00bb lorsque vous vous connectez, votre connexion sera conserv\u00e9e pendant deux semaines. Lorsque vous vous d\u00e9connectez de votre compte, les cookies de connexion sont supprim\u00e9s.<\/p>\n<p>Si vous modifiez ou publiez un article, un cookie suppl\u00e9mentaire est stock\u00e9 dans votre navigateur. Ce cookie ne contient aucune donn\u00e9e personnelle et r\u00e9f\u00e8re uniquement \u00e0 l&rsquo;ID de contribution de l&rsquo;article que vous venez de modifier. Le cookie expire au bout d&rsquo;un jour.<\/p>\n<h3>Contenu int\u00e9gr\u00e9 d&rsquo;autres sites Web<\/h3>\n<p>Les contributions sur ce site Web peuvent contenir des contenus int\u00e9gr\u00e9s (par exemple, des vid\u00e9os, des images, des contributions, etc.). Le contenu int\u00e9gr\u00e9 d&rsquo;autres sites Web se comporte exactement de la m\u00eame mani\u00e8re que si le visiteur avait visit\u00e9 l&rsquo;autre site Web.<\/p>\n<p>Ces sites Web peuvent collecter des donn\u00e9es sur vous, utiliser des cookies, int\u00e9grer des services de suivi suppl\u00e9mentaires de tiers et enregistrer votre interaction avec ce contenu int\u00e9gr\u00e9, si vous avez un compte et \u00eates connect\u00e9 \u00e0 ce site Web.<\/p>\n<h2>Dur\u00e9e de sauvegarde des donn\u00e9es<\/h2>\n<p>Lorsque vous faites un commentaire, celui-ci, y compris les m\u00e9tadonn\u00e9es, est stock\u00e9 pour une dur\u00e9e illimit\u00e9e. Cela nous permet d&rsquo;identifier et de publier automatiquement les commentaires de suivi au lieu de les d\u00e9tenir dans une file d&rsquo;attente.<\/p>\n<p>Pour les utilisateurs qui s&rsquo;inscrivent sur notre site Web, nous stockons \u00e9galement les informations personnelles qu&rsquo;ils fournissent dans leurs profils d&rsquo;utilisateurs. Tous les utilisateurs peuvent consulter, modifier ou supprimer leurs informations personnelles \u00e0 tout moment (le nom d&rsquo;utilisateur ne peut pas \u00eatre modifi\u00e9). Les administrateurs du site Web peuvent \u00e9galement consulter et modifier ces informations.<\/p>\n<h2>Droits sur vos donn\u00e9es<\/h2>\n<p>Si vous avez un compte sur notre site Web ou avez des commentaires \u00e9crits, vous pouvez demander une exportation de vos donn\u00e9es personnelles, ainsi que toutes les donn\u00e9es que vous nous avez d\u00e9j\u00e0 communiqu\u00e9es. En outre, vous pouvez demander la suppression de toutes vos donn\u00e9es personnelles que nous avons stock\u00e9es. Cela n&rsquo;inclut pas les donn\u00e9es que nous sommes tenus de stocker en raison de n\u00e9cessit\u00e9s administratives, juridiques ou s\u00e9curitaires.<\/p>\n<h2>Qui consulte vos commentaires<\/h2>\n<p>Vos commentaires peuvent \u00eatre examines par un service automatique de d\u00e9tection spam.<\/p>\n","protected":false},"excerpt":{"rendered":"<p>Informations G\u00e9n\u00e9rales Il vous est possible d\u2019utiliser notre site internet sans renseigner vos donn\u00e9es personnelles. Dans le cadre de l\u2019utilisation des services particuliers de notre site Web, une r\u00e9glementation s\u2019en d\u00e9gage, telle expliqu\u00e9e dans ce qui suit. Vos donn\u00e9es personnelles (par exemple nom, adresse, e-mail, num\u00e9ro de t\u00e9l\u00e9phone et autres) ne sont trait\u00e9es par nous&#8230; <\/p>\n<div class=\"clear\"><\/div>\n<p><a href=\"https:\/\/www.newhopeandlight.com\/fr\/protection-des-donnees\/\" class=\"excerpt-read-more\">Read More<\/a><\/p>\n","protected":false},"author":1,"featured_media":0,"parent":0,"menu_order":800,"comment_status":"closed","ping_status":"closed","template":"","meta":{"footnotes":""},"class_list":["post-7838","page","type-page","status-publish","hentry"],"yoast_head":"<!-- This site is optimized with the Yoast SEO Premium plugin v23.6 (Yoast SEO v24.3) - https:\/\/yoast.com\/wordpress\/plugins\/seo\/ -->\n<title>Protection des donn\u00e9es &#8211; New Hope and Light e.V.<\/title>\n<meta name=\"robots\" content=\"index, follow, max-snippet:-1, max-image-preview:large, max-video-preview:-1\" \/>\n<link rel=\"canonical\" href=\"https:\/\/www.newhopeandlight.com\/fr\/protection-des-donnees\/\" \/>\n<meta property=\"og:locale\" content=\"fr_FR\" \/>\n<meta property=\"og:type\" content=\"article\" \/>\n<meta property=\"og:title\" content=\"Protection des donn\u00e9es\" \/>\n<meta property=\"og:description\" content=\"Informations G\u00e9n\u00e9rales Il vous est possible d\u2019utiliser notre site internet sans renseigner vos donn\u00e9es personnelles. Dans le cadre de l\u2019utilisation des services particuliers de notre site Web, une r\u00e9glementation s\u2019en d\u00e9gage, telle expliqu\u00e9e dans ce qui suit. Vos donn\u00e9es personnelles (par exemple nom, adresse, e-mail, num\u00e9ro de t\u00e9l\u00e9phone et autres) ne sont trait\u00e9es par nous... Read More\" \/>\n<meta property=\"og:url\" content=\"https:\/\/www.newhopeandlight.com\/fr\/protection-des-donnees\/\" \/>\n<meta property=\"og:site_name\" content=\"New Hope and Light e.V.\" \/>\n<meta property=\"article:publisher\" content=\"https:\/\/www.facebook.com\/pages\/New-Hope-and-Light\/708356512869227\" \/>\n<meta property=\"article:modified_time\" content=\"2021-03-04T20:40:07+00:00\" \/>\n<meta name=\"twitter:card\" content=\"summary_large_image\" \/>\n<meta name=\"twitter:label1\" content=\"Dur\u00e9e de lecture estim\u00e9e\" \/>\n\t<meta name=\"twitter:data1\" content=\"6 minutes\" \/>\n<script type=\"application\/ld+json\" class=\"yoast-schema-graph\">{\"@context\":\"https:\/\/schema.org\",\"@graph\":[{\"@type\":\"WebPage\",\"@id\":\"https:\/\/www.newhopeandlight.com\/fr\/protection-des-donnees\/\",\"url\":\"https:\/\/www.newhopeandlight.com\/fr\/protection-des-donnees\/\",\"name\":\"Protection des donn\u00e9es &#8211; New Hope and Light e.V.\",\"isPartOf\":{\"@id\":\"https:\/\/www.newhopeandlight.com\/fr\/#website\"},\"datePublished\":\"2021-02-11T17:08:21+00:00\",\"dateModified\":\"2021-03-04T20:40:07+00:00\",\"breadcrumb\":{\"@id\":\"https:\/\/www.newhopeandlight.com\/fr\/protection-des-donnees\/#breadcrumb\"},\"inLanguage\":\"fr-FR\",\"potentialAction\":[{\"@type\":\"ReadAction\",\"target\":[\"https:\/\/www.newhopeandlight.com\/fr\/protection-des-donnees\/\"]}]},{\"@type\":\"BreadcrumbList\",\"@id\":\"https:\/\/www.newhopeandlight.com\/fr\/protection-des-donnees\/#breadcrumb\",\"itemListElement\":[{\"@type\":\"ListItem\",\"position\":1,\"name\":\"Startseite\",\"item\":\"https:\/\/www.newhopeandlight.com\/fr\/\"},{\"@type\":\"ListItem\",\"position\":2,\"name\":\"Protection des donn\u00e9es\"}]},{\"@type\":\"WebSite\",\"@id\":\"https:\/\/www.newhopeandlight.com\/fr\/#website\",\"url\":\"https:\/\/www.newhopeandlight.com\/fr\/\",\"name\":\"New Hope and Light e.V.\",\"description\":\"Together for our global World\",\"publisher\":{\"@id\":\"https:\/\/www.newhopeandlight.com\/fr\/#organization\"},\"potentialAction\":[{\"@type\":\"SearchAction\",\"target\":{\"@type\":\"EntryPoint\",\"urlTemplate\":\"https:\/\/www.newhopeandlight.com\/fr\/?s={search_term_string}\"},\"query-input\":{\"@type\":\"PropertyValueSpecification\",\"valueRequired\":true,\"valueName\":\"search_term_string\"}}],\"inLanguage\":\"fr-FR\"},{\"@type\":\"Organization\",\"@id\":\"https:\/\/www.newhopeandlight.com\/fr\/#organization\",\"name\":\"New Hope and Light e.V.\",\"url\":\"https:\/\/www.newhopeandlight.com\/fr\/\",\"logo\":{\"@type\":\"ImageObject\",\"inLanguage\":\"fr-FR\",\"@id\":\"https:\/\/www.newhopeandlight.com\/fr\/#\/schema\/logo\/image\/\",\"url\":\"https:\/\/www.newhopeandlight.com\/wp-content\/uploads\/2019\/03\/logo@2x.png\",\"contentUrl\":\"https:\/\/www.newhopeandlight.com\/wp-content\/uploads\/2019\/03\/logo@2x.png\",\"width\":328,\"height\":100,\"caption\":\"New Hope and Light e.V.\"},\"image\":{\"@id\":\"https:\/\/www.newhopeandlight.com\/fr\/#\/schema\/logo\/image\/\"},\"sameAs\":[\"https:\/\/www.facebook.com\/pages\/New-Hope-and-Light\/708356512869227\"]}]}<\/script>\n<!-- \/ Yoast SEO Premium plugin. -->","yoast_head_json":{"title":"Protection des donn\u00e9es &#8211; New Hope and Light e.V.","robots":{"index":"index","follow":"follow","max-snippet":"max-snippet:-1","max-image-preview":"max-image-preview:large","max-video-preview":"max-video-preview:-1"},"canonical":"https:\/\/www.newhopeandlight.com\/fr\/protection-des-donnees\/","og_locale":"fr_FR","og_type":"article","og_title":"Protection des donn\u00e9es","og_description":"Informations G\u00e9n\u00e9rales Il vous est possible d\u2019utiliser notre site internet sans renseigner vos donn\u00e9es personnelles. Dans le cadre de l\u2019utilisation des services particuliers de notre site Web, une r\u00e9glementation s\u2019en d\u00e9gage, telle expliqu\u00e9e dans ce qui suit. Vos donn\u00e9es personnelles (par exemple nom, adresse, e-mail, num\u00e9ro de t\u00e9l\u00e9phone et autres) ne sont trait\u00e9es par nous... Read More","og_url":"https:\/\/www.newhopeandlight.com\/fr\/protection-des-donnees\/","og_site_name":"New Hope and Light e.V.","article_publisher":"https:\/\/www.facebook.com\/pages\/New-Hope-and-Light\/708356512869227","article_modified_time":"2021-03-04T20:40:07+00:00","twitter_card":"summary_large_image","twitter_misc":{"Dur\u00e9e de lecture estim\u00e9e":"6 minutes"},"schema":{"@context":"https:\/\/schema.org","@graph":[{"@type":"WebPage","@id":"https:\/\/www.newhopeandlight.com\/fr\/protection-des-donnees\/","url":"https:\/\/www.newhopeandlight.com\/fr\/protection-des-donnees\/","name":"Protection des donn\u00e9es &#8211; New Hope and Light e.V.","isPartOf":{"@id":"https:\/\/www.newhopeandlight.com\/fr\/#website"},"datePublished":"2021-02-11T17:08:21+00:00","dateModified":"2021-03-04T20:40:07+00:00","breadcrumb":{"@id":"https:\/\/www.newhopeandlight.com\/fr\/protection-des-donnees\/#breadcrumb"},"inLanguage":"fr-FR","potentialAction":[{"@type":"ReadAction","target":["https:\/\/www.newhopeandlight.com\/fr\/protection-des-donnees\/"]}]},{"@type":"BreadcrumbList","@id":"https:\/\/www.newhopeandlight.com\/fr\/protection-des-donnees\/#breadcrumb","itemListElement":[{"@type":"ListItem","position":1,"name":"Startseite","item":"https:\/\/www.newhopeandlight.com\/fr\/"},{"@type":"ListItem","position":2,"name":"Protection des donn\u00e9es"}]},{"@type":"WebSite","@id":"https:\/\/www.newhopeandlight.com\/fr\/#website","url":"https:\/\/www.newhopeandlight.com\/fr\/","name":"New Hope and Light e.V.","description":"Together for our global World","publisher":{"@id":"https:\/\/www.newhopeandlight.com\/fr\/#organization"},"potentialAction":[{"@type":"SearchAction","target":{"@type":"EntryPoint","urlTemplate":"https:\/\/www.newhopeandlight.com\/fr\/?s={search_term_string}"},"query-input":{"@type":"PropertyValueSpecification","valueRequired":true,"valueName":"search_term_string"}}],"inLanguage":"fr-FR"},{"@type":"Organization","@id":"https:\/\/www.newhopeandlight.com\/fr\/#organization","name":"New Hope and Light e.V.","url":"https:\/\/www.newhopeandlight.com\/fr\/","logo":{"@type":"ImageObject","inLanguage":"fr-FR","@id":"https:\/\/www.newhopeandlight.com\/fr\/#\/schema\/logo\/image\/","url":"https:\/\/www.newhopeandlight.com\/wp-content\/uploads\/2019\/03\/logo@2x.png","contentUrl":"https:\/\/www.newhopeandlight.com\/wp-content\/uploads\/2019\/03\/logo@2x.png","width":328,"height":100,"caption":"New Hope and Light e.V."},"image":{"@id":"https:\/\/www.newhopeandlight.com\/fr\/#\/schema\/logo\/image\/"},"sameAs":["https:\/\/www.facebook.com\/pages\/New-Hope-and-Light\/708356512869227"]}]}},"_links":{"self":[{"href":"https:\/\/www.newhopeandlight.com\/fr\/wp-json\/wp\/v2\/pages\/7838","targetHints":{"allow":["GET"]}}],"collection":[{"href":"https:\/\/www.newhopeandlight.com\/fr\/wp-json\/wp\/v2\/pages"}],"about":[{"href":"https:\/\/www.newhopeandlight.com\/fr\/wp-json\/wp\/v2\/types\/page"}],"author":[{"embeddable":true,"href":"https:\/\/www.newhopeandlight.com\/fr\/wp-json\/wp\/v2\/users\/1"}],"replies":[{"embeddable":true,"href":"https:\/\/www.newhopeandlight.com\/fr\/wp-json\/wp\/v2\/comments?post=7838"}],"version-history":[{"count":6,"href":"https:\/\/www.newhopeandlight.com\/fr\/wp-json\/wp\/v2\/pages\/7838\/revisions"}],"predecessor-version":[{"id":8104,"href":"https:\/\/www.newhopeandlight.com\/fr\/wp-json\/wp\/v2\/pages\/7838\/revisions\/8104"}],"wp:attachment":[{"href":"https:\/\/www.newhopeandlight.com\/fr\/wp-json\/wp\/v2\/media?parent=7838"}],"curies":[{"name":"wp","href":"https:\/\/api.w.org\/{rel}","templated":true}]}}